{"id":689,"date":"2020-08-21T06:04:32","date_gmt":"2020-08-21T06:04:32","guid":{"rendered":"https:\/\/harriexloutlet.nl\/about\/"},"modified":"2024-03-07T08:59:28","modified_gmt":"2024-03-07T08:59:28","slug":"over-ons","status":"publish","type":"page","link":"https:\/\/harriexloutlet.nl\/fr\/over-ons\/","title":{"rendered":"A propos de nous"},"content":{"rendered":"<div class=\"wp-block-uagb-container uagb-block-e3fbacbb alignfull uagb-is-root-container\"><div class=\"uagb-container-inner-blocks-wrap\">\n<div class=\"wp-block-uagb-info-box uagb-block-dad8622f uagb-infobox__content-wrap  uagb-infobox-icon-above-title uagb-infobox-image-valign-top\"><div class=\"uagb-ifb-content\"><div class=\"uagb-ifb-title-wrap\"><span class=\"uagb-ifb-title-prefix\"><strong><strong>D\u00e9couvrez chaque semaine de nouveaux meubles !<\/strong><\/strong><\/span><h1 class=\"uagb-ifb-title\">A propos de nous<\/h1><\/div><p class=\"uagb-ifb-desc\">Gr\u00e2ce \u00e0 des achats \u00e0 grande \u00e9chelle, notre magasin est rempli d'une gamme innovante de meubles.<\/p><\/div><\/div>\n<\/div><\/div>\n\n\n\n<div class=\"wp-block-uagb-container uagb-block-7bac3667 alignfull uagb-is-root-container\"><div class=\"uagb-container-inner-blocks-wrap\">\n<div class=\"wp-block-uagb-container uagb-block-12d7acaa\">\n<div class=\"wp-block-uagb-advanced-heading uagb-block-8c1ca290\"><h3 class=\"uagb-heading-text\">Ouvert 5 jours par semaine (du mercredi au dimanche)<\/h3><\/div>\n<\/div>\n\n\n\n<div class=\"wp-block-uagb-container uagb-block-3ead4cd4\">\n<div class=\"wp-block-uagb-advanced-heading uagb-block-ba0b48b7\"><p class=\"uagb-desc-text\">Gr\u00e2ce \u00e0 nos larges heures d'ouverture, du mercredi au dimanche, il y a toujours un moment propice pour nous rendre visite. Notre \u00e9quipe d\u00e9vou\u00e9e est pr\u00eate \u00e0 vous aider \u00e0 trouver le meuble id\u00e9al et \u00e0 vous offrir des conseils sur mesure. D\u00e9couvrez notre vaste gamme de plus de 400 produits et rejoignez plus de 100 clients satisfaits !<\/p><\/div>\n\n\n\n<div class=\"wp-block-uagb-container uagb-block-ed0b702e\">\n<div class=\"wp-block-uagb-container uagb-block-2982b0da\">\n<div class=\"wp-block-uagb-advanced-heading uagb-block-b3335ffc\"><h2 class=\"uagb-heading-text\">800+<\/h2><p class=\"uagb-desc-text\">produits<\/p><\/div>\n<\/div>\n\n\n\n<div class=\"wp-block-uagb-container uagb-block-636c600c\">\n<div class=\"wp-block-uagb-advanced-heading uagb-block-a46d2374\"><h2 class=\"uagb-heading-text\">12000+<\/h2><p class=\"uagb-desc-text\">Des clients satisfaits<\/p><\/div>\n<\/div>\n<\/div>\n<\/div>\n<\/div><\/div>\n\n\n\n<div class=\"wp-block-uagb-container uagb-block-687c1d77 alignfull uagb-is-root-container\"><div class=\"uagb-container-inner-blocks-wrap\">\n<div class=\"wp-block-uagb-info-box uagb-block-9f61b009 uagb-infobox__content-wrap  uagb-infobox-icon-above-title uagb-infobox-image-valign-top\"><div class=\"uagb-ifb-content\"><div class=\"uagb-ifb-title-wrap\"><span class=\"uagb-ifb-title-prefix\">Tables en ch\u00eane europ\u00e9en<\/span><h5 class=\"uagb-ifb-title\"><strong>D\u00e9couvrez la beaut\u00e9 naturelle du bois v\u00e9ritable !<\/strong><\/h5><\/div><p class=\"uagb-ifb-desc\">Nous ne sommes pas seulement un nom connu dans le Limbourg et en Allemagne, mais aussi le fier fournisseur du plus grand assortiment de tables en ch\u00eane massif avec pieds en acier aux Pays-Bas ! Chez nous, vous pouvez choisir personnellement le plateau parfait dans le magasin et, si vous le souhaitez, l'emporter imm\u00e9diatement chez vous. Le soir m\u00eame, vous pourrez profiter de votre nouvelle table \u00e0 manger ! <strong>D\u00e9couvrez la possibilit\u00e9 de colorer votre table en ch\u00eane europ\u00e9en \u00e0 votre guise, gr\u00e2ce \u00e0 nos teintures disponibles.<\/strong><\/p><\/div><\/div>\n\n\n\n<div class=\"wp-block-uagb-container uagb-block-1b41d904\">\n<div class=\"wp-block-uagb-image uagb-block-84de973e wp-block-uagb-image--layout-default wp-block-uagb-image--effect-static wp-block-uagb-image--align-none\"><figure class=\"wp-block-uagb-image__figure\"><img decoding=\"async\" srcset=\"https:\/\/harriexloutlet.nl\/wp-content\/uploads\/2024\/02\/eetkamertafel-eikenhout-boomstamblad-onderstel-impressie.jpg ,https:\/\/harriexloutlet.nl\/wp-content\/uploads\/2024\/02\/eetkamertafel-eikenhout-boomstamblad-onderstel-impressie.jpg 780w, https:\/\/harriexloutlet.nl\/wp-content\/uploads\/2024\/02\/eetkamertafel-eikenhout-boomstamblad-onderstel-impressie.jpg 360w\" sizes=\"auto, (max-width: 480px) 150px\" src=\"https:\/\/harriexloutlet.nl\/wp-content\/uploads\/2024\/02\/eetkamertafel-eikenhout-boomstamblad-onderstel-impressie.jpg\" alt=\"\" class=\"uag-image-1802\" width=\"400\" height=\"400\" title=\"\" loading=\"lazy\"\/><\/figure><\/div>\n\n\n\n<div class=\"wp-block-uagb-image uagb-block-a3dd340b wp-block-uagb-image--layout-default wp-block-uagb-image--effect-static wp-block-uagb-image--align-none\"><figure class=\"wp-block-uagb-image__figure\"><img decoding=\"async\" srcset=\"https:\/\/harriexloutlet.nl\/wp-content\/uploads\/2024\/02\/eetkamertafel-eikenhout-boomstamblad-onderstel-voorraad.jpg ,https:\/\/harriexloutlet.nl\/wp-content\/uploads\/2024\/02\/eetkamertafel-eikenhout-boomstamblad-onderstel-voorraad.jpg 780w, https:\/\/harriexloutlet.nl\/wp-content\/uploads\/2024\/02\/eetkamertafel-eikenhout-boomstamblad-onderstel-voorraad.jpg 360w\" sizes=\"auto, (max-width: 480px) 150px\" src=\"https:\/\/harriexloutlet.nl\/wp-content\/uploads\/2024\/02\/eetkamertafel-eikenhout-boomstamblad-onderstel-voorraad.jpg\" alt=\"\" class=\"uag-image-1797\" width=\"400\" height=\"400\" title=\"\" loading=\"lazy\"\/><\/figure><\/div>\n\n\n\n<div class=\"wp-block-uagb-image uagb-block-ab045ed3 wp-block-uagb-image--layout-default wp-block-uagb-image--effect-static wp-block-uagb-image--align-none\"><figure class=\"wp-block-uagb-image__figure\"><img decoding=\"async\" srcset=\"https:\/\/harriexloutlet.nl\/wp-content\/uploads\/2024\/02\/eetkamertafel-eiken-hout-massief-eiken-ovaal-tafel-impressie.jpg ,https:\/\/harriexloutlet.nl\/wp-content\/uploads\/2024\/02\/eetkamertafel-eiken-hout-massief-eiken-ovaal-tafel-impressie.jpg 780w, https:\/\/harriexloutlet.nl\/wp-content\/uploads\/2024\/02\/eetkamertafel-eiken-hout-massief-eiken-ovaal-tafel-impressie.jpg 360w\" sizes=\"auto, (max-width: 480px) 150px\" src=\"https:\/\/harriexloutlet.nl\/wp-content\/uploads\/2024\/02\/eetkamertafel-eiken-hout-massief-eiken-ovaal-tafel-impressie.jpg\" alt=\"\" class=\"uag-image-1801\" width=\"400\" height=\"400\" title=\"\" loading=\"lazy\"\/><\/figure><\/div>\n<\/div>\n\n\n\n<div class=\"wp-block-uagb-container uagb-block-51312cc4\">\n<div class=\"wp-block-uagb-container uagb-block-ad3321a3\">\n<div class=\"wp-block-uagb-advanced-heading uagb-block-d043355f\"><h3 class=\"uagb-heading-text\">Pourquoi Harrie XL Outlet ?<\/h3><\/div>\n<\/div>\n\n\n\n<div class=\"wp-block-uagb-container uagb-block-dc4b9e5c\">\n<div class=\"wp-block-uagb-advanced-heading uagb-block-2e508ed0\"><p class=\"uagb-desc-text\">Chez nous, vous trouverez toujours les meilleurs prix, car nous nous effor\u00e7ons toujours d'\u00eatre bon march\u00e9 ! En outre, nous offrons la possibilit\u00e9 de livrer aux Pays-Bas, en Allemagne et en Belgique, de sorte que les meubles de vos r\u00eaves peuvent \u00eatre livr\u00e9s n'importe o\u00f9.<\/p><\/div>\n\n\n\n<div class=\"wp-block-uagb-advanced-heading uagb-block-c406577c\"><p class=\"uagb-desc-text\">Et le meilleur dans tout cela ? Tout ce que vous voyez est disponible directement en stock, de sorte que vous n'aurez jamais \u00e0 attendre longtemps pour votre nouvel int\u00e9rieur !\"<\/p><\/div>\n<\/div>\n<\/div>\n<\/div><\/div>","protected":false},"excerpt":{"rendered":"<p>5 dagen per week geopend (woensdag t\/m zondag) Met onze ruime openingstijden van woensdag tot en met zondag is er altijd een geschikt moment om ons te bezoeken. Ons toegewijde team staat klaar om je te helpen bij het vinden van de perfecte meubels en biedt advies op maat. Ontdek ons uitgebreide assortiment van meer [&hellip;]<\/p>\n","protected":false},"author":1,"featured_media":0,"parent":0,"menu_order":0,"comment_status":"closed","ping_status":"closed","template":"","meta":{"_uag_custom_page_level_css":"","site-sidebar-layout":"no-sidebar","site-content-layout":"plain-container","ast-site-content-layout":"normal-width-container","site-content-style":"unboxed","site-sidebar-style":"unboxed","ast-global-header-display":"","ast-banner-title-visibility":"","ast-main-header-display":"","ast-hfb-above-header-display":"","ast-hfb-below-header-display":"","ast-hfb-mobile-header-display":"","site-post-title":"disabled","ast-breadcrumbs-content":"","ast-featured-img":"disabled","footer-sml-layout":"","ast-disable-related-posts":"","theme-transparent-header-meta":"enabled","adv-header-id-meta":"","stick-header-meta":"","header-above-stick-meta":"","header-main-stick-meta":"","header-below-stick-meta":"","astra-migrate-meta-layouts":"set","ast-page-background-enabled":"default","ast-page-background-meta":{"desktop":{"background-color":"","background-image":"","background-repeat":"repeat","background-position":"center center","background-size":"auto","background-attachment":"scroll","background-type":"","background-media":"","overlay-type":"","overlay-color":"","overlay-opacity":"","overlay-gradient":""},"tablet":{"background-color":"","background-image":"","background-repeat":"repeat","background-position":"center center","background-size":"auto","background-attachment":"scroll","background-type":"","background-media":"","overlay-type":"","overlay-color":"","overlay-opacity":"","overlay-gradient":""},"mobile":{"background-color":"","background-image":"","background-repeat":"repeat","background-position":"center center","background-size":"auto","background-attachment":"scroll","background-type":"","background-media":"","overlay-type":"","overlay-color":"","overlay-opacity":"","overlay-gradient":""}},"ast-content-background-meta":{"desktop":{"background-color":"var(--ast-global-color-5)","background-image":"","background-repeat":"repeat","background-position":"center center","background-size":"auto","background-attachment":"scroll","background-type":"","background-media":"","overlay-type":"","overlay-color":"","overlay-opacity":"","overlay-gradient":""},"tablet":{"background-color":"var(--ast-global-color-5)","background-image":"","background-repeat":"repeat","background-position":"center center","background-size":"auto","background-attachment":"scroll","background-type":"","background-media":"","overlay-type":"","overlay-color":"","overlay-opacity":"","overlay-gradient":""},"mobile":{"background-color":"var(--ast-global-color-5)","background-image":"","background-repeat":"repeat","background-position":"center center","background-size":"auto","background-attachment":"scroll","background-type":"","background-media":"","overlay-type":"","overlay-color":"","overlay-opacity":"","overlay-gradient":""}},"footnotes":""},"class_list":["post-689","page","type-page","status-publish","hentry"],"yoast_head":"<!-- This site is optimized with the Yoast SEO plugin v27.2 - https:\/\/yoast.com\/product\/yoast-seo-wordpress\/ -->\n<title>Over ons - Harrie XL outlet Roermond<\/title>\n<meta name=\"robots\" content=\"index, follow, max-snippet:-1, max-image-preview:large, max-video-preview:-1\" \/>\n<link rel=\"canonical\" href=\"https:\/\/harriexloutlet.nl\/fr\/over-ons\/\" \/>\n<meta property=\"og:locale\" content=\"fr_FR\" \/>\n<meta property=\"og:type\" content=\"article\" \/>\n<meta property=\"og:title\" content=\"Over ons - Harrie XL outlet Roermond\" \/>\n<meta property=\"og:description\" content=\"5 dagen per week geopend (woensdag t\/m zondag) Met onze ruime openingstijden van woensdag tot en met zondag is er altijd een geschikt moment om ons te bezoeken. Ons toegewijde team staat klaar om je te helpen bij het vinden van de perfecte meubels en biedt advies op maat. Ontdek ons uitgebreide assortiment van meer [&hellip;]\" \/>\n<meta property=\"og:url\" content=\"https:\/\/harriexloutlet.nl\/fr\/over-ons\/\" \/>\n<meta property=\"og:site_name\" content=\"Harrie XL outlet Roermond\" \/>\n<meta property=\"article:publisher\" content=\"https:\/\/www.facebook.com\/woonoutletharriexlroermond\/\" \/>\n<meta property=\"article:modified_time\" content=\"2024-03-07T08:59:28+00:00\" \/>\n<meta property=\"og:image\" content=\"https:\/\/harriexloutlet.nl\/wp-content\/uploads\/2024\/02\/eetkamertafel-eikenhout-boomstamblad-onderstel-impressie.jpg\" \/>\n<meta name=\"twitter:card\" content=\"summary_large_image\" \/>\n<meta name=\"twitter:label1\" content=\"Dur\u00e9e de lecture estim\u00e9e\" \/>\n\t<meta name=\"twitter:data1\" content=\"3 minutes\" \/>\n<script type=\"application\/ld+json\" class=\"yoast-schema-graph\">{\"@context\":\"https:\/\/schema.org\",\"@graph\":[{\"@type\":\"WebPage\",\"@id\":\"https:\/\/harriexloutlet.nl\/over-ons\/\",\"url\":\"https:\/\/harriexloutlet.nl\/over-ons\/\",\"name\":\"Over ons - Harrie XL outlet Roermond\",\"isPartOf\":{\"@id\":\"https:\/\/harriexloutlet.nl\/#website\"},\"primaryImageOfPage\":{\"@id\":\"https:\/\/harriexloutlet.nl\/over-ons\/#primaryimage\"},\"image\":{\"@id\":\"https:\/\/harriexloutlet.nl\/over-ons\/#primaryimage\"},\"thumbnailUrl\":\"https:\/\/harriexloutlet.nl\/wp-content\/uploads\/2024\/02\/eetkamertafel-eikenhout-boomstamblad-onderstel-impressie.jpg\",\"datePublished\":\"2020-08-21T06:04:32+00:00\",\"dateModified\":\"2024-03-07T08:59:28+00:00\",\"breadcrumb\":{\"@id\":\"https:\/\/harriexloutlet.nl\/over-ons\/#breadcrumb\"},\"inLanguage\":\"fr-FR\",\"potentialAction\":[{\"@type\":\"ReadAction\",\"target\":[\"https:\/\/harriexloutlet.nl\/over-ons\/\"]}]},{\"@type\":\"ImageObject\",\"inLanguage\":\"fr-FR\",\"@id\":\"https:\/\/harriexloutlet.nl\/over-ons\/#primaryimage\",\"url\":\"https:\/\/harriexloutlet.nl\/wp-content\/uploads\/2024\/02\/eetkamertafel-eikenhout-boomstamblad-onderstel-impressie.jpg\",\"contentUrl\":\"https:\/\/harriexloutlet.nl\/wp-content\/uploads\/2024\/02\/eetkamertafel-eikenhout-boomstamblad-onderstel-impressie.jpg\"},{\"@type\":\"BreadcrumbList\",\"@id\":\"https:\/\/harriexloutlet.nl\/over-ons\/#breadcrumb\",\"itemListElement\":[{\"@type\":\"ListItem\",\"position\":1,\"name\":\"Home\",\"item\":\"https:\/\/harriexloutlet.nl\/\"},{\"@type\":\"ListItem\",\"position\":2,\"name\":\"Over ons\"}]},{\"@type\":\"WebSite\",\"@id\":\"https:\/\/harriexloutlet.nl\/#website\",\"url\":\"https:\/\/harriexloutlet.nl\/\",\"name\":\"Harrie XL outlet Roermond\",\"description\":\"Alles voor een gezellig thuis\",\"publisher\":{\"@id\":\"https:\/\/harriexloutlet.nl\/#organization\"},\"potentialAction\":[{\"@type\":\"SearchAction\",\"target\":{\"@type\":\"EntryPoint\",\"urlTemplate\":\"https:\/\/harriexloutlet.nl\/?s={search_term_string}\"},\"query-input\":{\"@type\":\"PropertyValueSpecification\",\"valueRequired\":true,\"valueName\":\"search_term_string\"}}],\"inLanguage\":\"fr-FR\"},{\"@type\":\"Organization\",\"@id\":\"https:\/\/harriexloutlet.nl\/#organization\",\"name\":\"Harrie XL outlet Roermond\",\"url\":\"https:\/\/harriexloutlet.nl\/\",\"logo\":{\"@type\":\"ImageObject\",\"inLanguage\":\"fr-FR\",\"@id\":\"https:\/\/harriexloutlet.nl\/#\/schema\/logo\/image\/\",\"url\":\"https:\/\/harriexloutlet.nl\/wp-content\/uploads\/2024\/01\/Harrie-XL-Outlet-logo.png\",\"contentUrl\":\"https:\/\/harriexloutlet.nl\/wp-content\/uploads\/2024\/01\/Harrie-XL-Outlet-logo.png\",\"width\":288,\"height\":141,\"caption\":\"Harrie XL outlet Roermond\"},\"image\":{\"@id\":\"https:\/\/harriexloutlet.nl\/#\/schema\/logo\/image\/\"},\"sameAs\":[\"https:\/\/www.facebook.com\/woonoutletharriexlroermond\/\",\"https:\/\/www.instagram.com\/meubeloutlet_harrie_xl\/?hl=nl\"]}]}<\/script>\n<!-- \/ Yoast SEO plugin. -->","yoast_head_json":{"title":"Over ons - Harrie XL outlet Roermond","robots":{"index":"index","follow":"follow","max-snippet":"max-snippet:-1","max-image-preview":"max-image-preview:large","max-video-preview":"max-video-preview:-1"},"canonical":"https:\/\/harriexloutlet.nl\/fr\/over-ons\/","og_locale":"fr_FR","og_type":"article","og_title":"Over ons - Harrie XL outlet Roermond","og_description":"5 dagen per week geopend (woensdag t\/m zondag) Met onze ruime openingstijden van woensdag tot en met zondag is er altijd een geschikt moment om ons te bezoeken. Ons toegewijde team staat klaar om je te helpen bij het vinden van de perfecte meubels en biedt advies op maat. Ontdek ons uitgebreide assortiment van meer [&hellip;]","og_url":"https:\/\/harriexloutlet.nl\/fr\/over-ons\/","og_site_name":"Harrie XL outlet Roermond","article_publisher":"https:\/\/www.facebook.com\/woonoutletharriexlroermond\/","article_modified_time":"2024-03-07T08:59:28+00:00","og_image":[{"url":"https:\/\/harriexloutlet.nl\/wp-content\/uploads\/2024\/02\/eetkamertafel-eikenhout-boomstamblad-onderstel-impressie.jpg","type":"","width":"","height":""}],"twitter_card":"summary_large_image","twitter_misc":{"Dur\u00e9e de lecture estim\u00e9e":"3 minutes"},"schema":{"@context":"https:\/\/schema.org","@graph":[{"@type":"WebPage","@id":"https:\/\/harriexloutlet.nl\/over-ons\/","url":"https:\/\/harriexloutlet.nl\/over-ons\/","name":"Over ons - Harrie XL outlet Roermond","isPartOf":{"@id":"https:\/\/harriexloutlet.nl\/#website"},"primaryImageOfPage":{"@id":"https:\/\/harriexloutlet.nl\/over-ons\/#primaryimage"},"image":{"@id":"https:\/\/harriexloutlet.nl\/over-ons\/#primaryimage"},"thumbnailUrl":"https:\/\/harriexloutlet.nl\/wp-content\/uploads\/2024\/02\/eetkamertafel-eikenhout-boomstamblad-onderstel-impressie.jpg","datePublished":"2020-08-21T06:04:32+00:00","dateModified":"2024-03-07T08:59:28+00:00","breadcrumb":{"@id":"https:\/\/harriexloutlet.nl\/over-ons\/#breadcrumb"},"inLanguage":"fr-FR","potentialAction":[{"@type":"ReadAction","target":["https:\/\/harriexloutlet.nl\/over-ons\/"]}]},{"@type":"ImageObject","inLanguage":"fr-FR","@id":"https:\/\/harriexloutlet.nl\/over-ons\/#primaryimage","url":"https:\/\/harriexloutlet.nl\/wp-content\/uploads\/2024\/02\/eetkamertafel-eikenhout-boomstamblad-onderstel-impressie.jpg","contentUrl":"https:\/\/harriexloutlet.nl\/wp-content\/uploads\/2024\/02\/eetkamertafel-eikenhout-boomstamblad-onderstel-impressie.jpg"},{"@type":"BreadcrumbList","@id":"https:\/\/harriexloutlet.nl\/over-ons\/#breadcrumb","itemListElement":[{"@type":"ListItem","position":1,"name":"Home","item":"https:\/\/harriexloutlet.nl\/"},{"@type":"ListItem","position":2,"name":"Over ons"}]},{"@type":"WebSite","@id":"https:\/\/harriexloutlet.nl\/#website","url":"https:\/\/harriexloutlet.nl\/","name":"Harrie XL outlet Roermond","description":"Tout pour une maison confortable","publisher":{"@id":"https:\/\/harriexloutlet.nl\/#organization"},"potentialAction":[{"@type":"SearchAction","target":{"@type":"EntryPoint","urlTemplate":"https:\/\/harriexloutlet.nl\/?s={search_term_string}"},"query-input":{"@type":"PropertyValueSpecification","valueRequired":true,"valueName":"search_term_string"}}],"inLanguage":"fr-FR"},{"@type":"Organization","@id":"https:\/\/harriexloutlet.nl\/#organization","name":"Harrie XL outlet Roermond","url":"https:\/\/harriexloutlet.nl\/","logo":{"@type":"ImageObject","inLanguage":"fr-FR","@id":"https:\/\/harriexloutlet.nl\/#\/schema\/logo\/image\/","url":"https:\/\/harriexloutlet.nl\/wp-content\/uploads\/2024\/01\/Harrie-XL-Outlet-logo.png","contentUrl":"https:\/\/harriexloutlet.nl\/wp-content\/uploads\/2024\/01\/Harrie-XL-Outlet-logo.png","width":288,"height":141,"caption":"Harrie XL outlet Roermond"},"image":{"@id":"https:\/\/harriexloutlet.nl\/#\/schema\/logo\/image\/"},"sameAs":["https:\/\/www.facebook.com\/woonoutletharriexlroermond\/","https:\/\/www.instagram.com\/meubeloutlet_harrie_xl\/?hl=nl"]}]}},"uagb_featured_image_src":{"full":false,"thumbnail":false,"medium":false,"medium_large":false,"large":false,"1536x1536":false,"2048x2048":false,"trp-custom-language-flag":false},"uagb_author_info":{"display_name":"TrienekensOnline","author_link":"https:\/\/harriexloutlet.nl\/fr\/author\/trienekensonline\/"},"uagb_comment_info":0,"uagb_excerpt":"5 dagen per week geopend (woensdag t\/m zondag) Met onze ruime openingstijden van woensdag tot en met zondag is er altijd een geschikt moment om ons te bezoeken. Ons toegewijde team staat klaar om je te helpen bij het vinden van de perfecte meubels en biedt advies op maat. Ontdek ons uitgebreide assortiment van meer\u2026","_links":{"self":[{"href":"https:\/\/harriexloutlet.nl\/fr\/wp-json\/wp\/v2\/pages\/689","targetHints":{"allow":["GET"]}}],"collection":[{"href":"https:\/\/harriexloutlet.nl\/fr\/wp-json\/wp\/v2\/pages"}],"about":[{"href":"https:\/\/harriexloutlet.nl\/fr\/wp-json\/wp\/v2\/types\/page"}],"author":[{"embeddable":true,"href":"https:\/\/harriexloutlet.nl\/fr\/wp-json\/wp\/v2\/users\/1"}],"replies":[{"embeddable":true,"href":"https:\/\/harriexloutlet.nl\/fr\/wp-json\/wp\/v2\/comments?post=689"}],"version-history":[{"count":19,"href":"https:\/\/harriexloutlet.nl\/fr\/wp-json\/wp\/v2\/pages\/689\/revisions"}],"predecessor-version":[{"id":1868,"href":"https:\/\/harriexloutlet.nl\/fr\/wp-json\/wp\/v2\/pages\/689\/revisions\/1868"}],"wp:attachment":[{"href":"https:\/\/harriexloutlet.nl\/fr\/wp-json\/wp\/v2\/media?parent=689"}],"curies":[{"name":"wp","href":"https:\/\/api.w.org\/{rel}","templated":true}]}}